{"id":115,"date":"2024-01-19T19:16:50","date_gmt":"2024-01-19T17:16:50","guid":{"rendered":"https:\/\/filmaridrona.ro\/?page_id=115"},"modified":"2026-02-03T14:32:25","modified_gmt":"2026-02-03T12:32:25","slug":"fotografii-aeriene","status":"publish","type":"page","link":"https:\/\/filmaridrona.ro\/?page_id=115","title":{"rendered":"Fotografii aeriene"},"content":{"rendered":"\t\t<div data-elementor-type=\"wp-page\" data-elementor-id=\"115\" class=\"elementor elementor-115\">\n\t\t\t\t<div class=\"elementor-element elementor-element-07ba6c8 e-flex e-con-boxed e-con e-parent\" data-id=\"07ba6c8\" data-element_type=\"container\" data-e-type=\"container\">\n\t\t\t\t\t<div class=\"e-con-inner\">\n\t\t<div class=\"elementor-element elementor-element-4bdd4d9 e-con-full e-flex e-con e-child\" data-id=\"4bdd4d9\" data-element_type=\"container\" data-e-type=\"container\">\n\t\t\t\t<div class=\"elementor-element elementor-element-b5a5002 elementor-widget elementor-widget-text-editor\" data-id=\"b5a5002\" data-element_type=\"widget\" data-e-type=\"widget\" data-widget_type=\"text-editor.default\">\n\t\t\t\t<div class=\"elementor-widget-container\">\n\t\t\t\t\t\t\t\t\t<p>\u00cen ultimii ani, fotografia aerin\u0103 cu drona a re\u00eennoit perspectivele din toate industriile, devenind un serviciu proasp\u0103t pentru orice domeniu de activitate (evenimente, publicitate, peisagistic\u0103, turism, media, imobiliare, propriet\u0103\u021bi private, inspectii, institu\u021bii publice \u0219i prim\u0103rii etc.).<\/p><p>Serviciul \u201cFilmariDrona\u201d de fotografiere aerian\u0103 presupune realizarea unor capturi foto deosebite a unui obiectiv, de la inaltime. Tehnologia dronelor permite vizualizarea \u00een timp real a imaginilor, astfel se alege in mod optim unghiul de fotografiere.<\/p>\t\t\t\t\t\t\t\t<\/div>\n\t\t\t\t<\/div>\n\t\t\t\t<\/div>\n\t\t<div class=\"elementor-element elementor-element-fcddb21 e-con-full e-flex e-con e-child\" data-id=\"fcddb21\" data-element_type=\"container\" data-e-type=\"container\">\n\t\t\t\t<div class=\"elementor-element elementor-element-e907c7f elementor-widget elementor-widget-text-editor\" data-id=\"e907c7f\" data-element_type=\"widget\" data-e-type=\"widget\" data-widget_type=\"text-editor.default\">\n\t\t\t\t<div class=\"elementor-widget-container\">\n\t\t\t\t\t\t\t\t\t<p>Rezolu\u021bia fotografiilor cu drona este de pana la 25 MPx, in format RAW (DNG sau TIFF) si \u00een format JPEG. \u00cen func\u021bie de cerin\u021bele proiectului, se pot efectua fotografii standard, fotografii HiRes, fotografii HDR, panorame 180 sau 360 grade.<\/p><p>Fotografiile cu drona pot fi realizate at\u00e2t pe timpul zilei, c\u00e2t \u0219i noaptea, in functie de proiectul ales.<\/p>\t\t\t\t\t\t\t\t<\/div>\n\t\t\t\t<\/div>\n\t\t\t\t<\/div>\n\t\t<div class=\"elementor-element elementor-element-dbb484d e-con-full e-flex e-con e-child\" data-id=\"dbb484d\" data-element_type=\"container\" data-e-type=\"container\">\n\t\t\t\t<div class=\"elementor-element elementor-element-c2d56b3 elementor-widget elementor-widget-shortcode\" data-id=\"c2d56b3\" data-element_type=\"widget\" data-e-type=\"widget\" data-widget_type=\"shortcode.default\">\n\t\t\t\t<div class=\"elementor-widget-container\">\n\t\t\t\t\t\t\t<div class=\"elementor-shortcode\"><div id=\"pfg-gallery-249\" class=\"pfg-gallery-wrapper pfg-loading pfg-template-modern-cards\" data-gallery-id=\"249\" data-multi-select=\"false\" data-filter-logic=\"or\" data-filter-hierarchy=\"[]\" data-url-param=\"filter\" data-version=\"2.1.5\" data-lightbox-title=\"true\" data-lightbox-description=\"false\" data-show-preloader=\"true\" data-image-links=\"false\"><div class=\"pfg-preloader\"><div class=\"pfg-preloader-spinner\"><\/div><span class=\"pfg-preloader-text\">Loading...<\/span><\/div><div class=\"pfg-grid pfg-grid--full\" style=\"--pfg-gap: 20px; --pfg-border-radius: 0px; --pfg-radius: 0px; --pfg-overlay-color: rgba(0, 0, 0, 0.7); --pfg-primary-color: #94a3b8; --pfg-caption-text: #1e293b; --pfg-caption-bg: #ffffff\"><div class=\"pfg-item  pfg-item-hover--hvr-grow-shadow\" data-id=\"65\"><a href=\"https:\/\/filmaridrona.ro\/wp-content\/uploads\/2024\/01\/cropped-DJI_0242.jpg\" class=\"pfg-item-link\" data-lightbox=\"pfg-249\"><img src=\"https:\/\/filmaridrona.ro\/wp-content\/uploads\/2024\/01\/cropped-DJI_0242-1024x511.jpg\" srcset=\"https:\/\/filmaridrona.ro\/wp-content\/uploads\/2024\/01\/cropped-DJI_0242-1024x511.jpg 1024w, https:\/\/filmaridrona.ro\/wp-content\/uploads\/2024\/01\/cropped-DJI_0242-300x150.jpg 300w, https:\/\/filmaridrona.ro\/wp-content\/uploads\/2024\/01\/cropped-DJI_0242-768x383.jpg 768w, https:\/\/filmaridrona.ro\/wp-content\/uploads\/2024\/01\/cropped-DJI_0242.jpg 1200w\" sizes=\"(min-width: 1200px) 25vw, (min-width: 992px) 100vw, (min-width: 768px) 33vw, 100vw\" alt=\"\" loading=\"eager\" decoding=\"async\" class=\"pfg-item-image\"><div class=\"pfg-item-caption pfg-item-caption--overlay\"><\/div><\/a><\/div><div class=\"pfg-item  pfg-item-hover--hvr-grow-shadow\" data-id=\"235\"><a href=\"https:\/\/filmaridrona.ro\/wp-content\/uploads\/2024\/01\/17.jpg\" class=\"pfg-item-link\" data-lightbox=\"pfg-249\"><img src=\"https:\/\/filmaridrona.ro\/wp-content\/uploads\/2024\/01\/17-1024x767.jpg\" srcset=\"https:\/\/filmaridrona.ro\/wp-content\/uploads\/2024\/01\/17-1024x767.jpg 1024w, https:\/\/filmaridrona.ro\/wp-content\/uploads\/2024\/01\/17-300x225.jpg 300w, https:\/\/filmaridrona.ro\/wp-content\/uploads\/2024\/01\/17-768x575.jpg 768w, https:\/\/filmaridrona.ro\/wp-content\/uploads\/2024\/01\/17-1536x1150.jpg 1536w, https:\/\/filmaridrona.ro\/wp-content\/uploads\/2024\/01\/17.jpg 1920w\" sizes=\"(min-width: 1200px) 25vw, (min-width: 992px) 100vw, (min-width: 768px) 33vw, 100vw\" alt=\"\" loading=\"eager\" decoding=\"async\" class=\"pfg-item-image\"><div class=\"pfg-item-caption pfg-item-caption--overlay\"><\/div><\/a><\/div><div class=\"pfg-item  pfg-item-hover--hvr-grow-shadow\" data-id=\"8\"><a href=\"https:\/\/filmaridrona.ro\/wp-content\/uploads\/2024\/01\/16.jpg\" class=\"pfg-item-link\" data-lightbox=\"pfg-249\"><img src=\"https:\/\/filmaridrona.ro\/wp-content\/uploads\/2024\/01\/16-1024x767.jpg\" srcset=\"https:\/\/filmaridrona.ro\/wp-content\/uploads\/2024\/01\/16-1024x767.jpg 1024w, https:\/\/filmaridrona.ro\/wp-content\/uploads\/2024\/01\/16-300x225.jpg 300w, https:\/\/filmaridrona.ro\/wp-content\/uploads\/2024\/01\/16-768x575.jpg 768w, https:\/\/filmaridrona.ro\/wp-content\/uploads\/2024\/01\/16-1536x1150.jpg 1536w, https:\/\/filmaridrona.ro\/wp-content\/uploads\/2024\/01\/16.jpg 1920w\" sizes=\"(min-width: 1200px) 25vw, (min-width: 992px) 100vw, (min-width: 768px) 33vw, 100vw\" alt=\"\" loading=\"eager\" decoding=\"async\" class=\"pfg-item-image\"><div class=\"pfg-item-caption pfg-item-caption--overlay\"><\/div><\/a><\/div><div class=\"pfg-item  pfg-item-hover--hvr-grow-shadow\" data-id=\"242\"><a href=\"https:\/\/filmaridrona.ro\/wp-content\/uploads\/2024\/01\/DJI_0086-copy.jpg\" class=\"pfg-item-link\" data-lightbox=\"pfg-249\"><img src=\"https:\/\/filmaridrona.ro\/wp-content\/uploads\/2024\/01\/DJI_0086-copy-1024x511.jpg\" srcset=\"https:\/\/filmaridrona.ro\/wp-content\/uploads\/2024\/01\/DJI_0086-copy-1024x511.jpg 1024w, https:\/\/filmaridrona.ro\/wp-content\/uploads\/2024\/01\/DJI_0086-copy-300x150.jpg 300w, https:\/\/filmaridrona.ro\/wp-content\/uploads\/2024\/01\/DJI_0086-copy-768x383.jpg 768w, https:\/\/filmaridrona.ro\/wp-content\/uploads\/2024\/01\/DJI_0086-copy.jpg 1200w\" sizes=\"(min-width: 1200px) 25vw, (min-width: 992px) 100vw, (min-width: 768px) 33vw, 100vw\" alt=\"\" loading=\"eager\" decoding=\"async\" class=\"pfg-item-image\"><div class=\"pfg-item-caption pfg-item-caption--overlay\"><\/div><\/a><\/div><div class=\"pfg-item  pfg-item-hover--hvr-grow-shadow\" data-id=\"67\"><a href=\"https:\/\/filmaridrona.ro\/wp-content\/uploads\/2024\/01\/cropped-DJI_0233.jpg\" class=\"pfg-item-link\" data-lightbox=\"pfg-249\"><img src=\"https:\/\/filmaridrona.ro\/wp-content\/uploads\/2024\/01\/cropped-DJI_0233-1024x511.jpg\" srcset=\"https:\/\/filmaridrona.ro\/wp-content\/uploads\/2024\/01\/cropped-DJI_0233-1024x511.jpg 1024w, https:\/\/filmaridrona.ro\/wp-content\/uploads\/2024\/01\/cropped-DJI_0233-300x150.jpg 300w, https:\/\/filmaridrona.ro\/wp-content\/uploads\/2024\/01\/cropped-DJI_0233-768x383.jpg 768w, https:\/\/filmaridrona.ro\/wp-content\/uploads\/2024\/01\/cropped-DJI_0233.jpg 1200w\" sizes=\"(min-width: 1200px) 25vw, (min-width: 992px) 100vw, (min-width: 768px) 33vw, 100vw\" alt=\"\" loading=\"eager\" decoding=\"async\" class=\"pfg-item-image\"><div class=\"pfg-item-caption pfg-item-caption--overlay\"><\/div><\/a><\/div><div class=\"pfg-item  pfg-item-hover--hvr-grow-shadow\" data-id=\"9\"><a href=\"https:\/\/filmaridrona.ro\/wp-content\/uploads\/2024\/01\/Aer-66.jpg\" class=\"pfg-item-link\" data-lightbox=\"pfg-249\"><img src=\"https:\/\/filmaridrona.ro\/wp-content\/uploads\/2024\/01\/Aer-66.jpg\" srcset=\"https:\/\/filmaridrona.ro\/wp-content\/uploads\/2024\/01\/Aer-66.jpg 1024w, https:\/\/filmaridrona.ro\/wp-content\/uploads\/2024\/01\/Aer-66-300x201.jpg 300w, https:\/\/filmaridrona.ro\/wp-content\/uploads\/2024\/01\/Aer-66-768x515.jpg 768w\" sizes=\"(min-width: 1200px) 25vw, (min-width: 992px) 100vw, (min-width: 768px) 33vw, 100vw\" alt=\"\" loading=\"eager\" decoding=\"async\" class=\"pfg-item-image\"><div class=\"pfg-item-caption pfg-item-caption--overlay\"><\/div><\/a><\/div><div class=\"pfg-item  pfg-item-hover--hvr-grow-shadow\" data-id=\"18\"><a href=\"https:\/\/filmaridrona.ro\/wp-content\/uploads\/2024\/01\/DJI_0247.jpg\" class=\"pfg-item-link\" data-lightbox=\"pfg-249\"><img src=\"https:\/\/filmaridrona.ro\/wp-content\/uploads\/2024\/01\/DJI_0247-1024x767.jpg\" srcset=\"https:\/\/filmaridrona.ro\/wp-content\/uploads\/2024\/01\/DJI_0247-1024x767.jpg 1024w, https:\/\/filmaridrona.ro\/wp-content\/uploads\/2024\/01\/DJI_0247-300x225.jpg 300w, https:\/\/filmaridrona.ro\/wp-content\/uploads\/2024\/01\/DJI_0247-768x575.jpg 768w, https:\/\/filmaridrona.ro\/wp-content\/uploads\/2024\/01\/DJI_0247.jpg 1200w\" sizes=\"(min-width: 1200px) 25vw, (min-width: 992px) 100vw, (min-width: 768px) 33vw, 100vw\" alt=\"\" loading=\"eager\" decoding=\"async\" class=\"pfg-item-image\"><div class=\"pfg-item-caption pfg-item-caption--overlay\"><\/div><\/a><\/div><div class=\"pfg-item  pfg-item-hover--hvr-grow-shadow\" data-id=\"15\"><a href=\"https:\/\/filmaridrona.ro\/wp-content\/uploads\/2024\/01\/DJI_0183.jpg\" class=\"pfg-item-link\" data-lightbox=\"pfg-249\"><img src=\"https:\/\/filmaridrona.ro\/wp-content\/uploads\/2024\/01\/DJI_0183-1024x767.jpg\" srcset=\"https:\/\/filmaridrona.ro\/wp-content\/uploads\/2024\/01\/DJI_0183-1024x767.jpg 1024w, https:\/\/filmaridrona.ro\/wp-content\/uploads\/2024\/01\/DJI_0183-300x225.jpg 300w, https:\/\/filmaridrona.ro\/wp-content\/uploads\/2024\/01\/DJI_0183-768x575.jpg 768w, https:\/\/filmaridrona.ro\/wp-content\/uploads\/2024\/01\/DJI_0183.jpg 1200w\" sizes=\"(min-width: 1200px) 25vw, (min-width: 992px) 100vw, (min-width: 768px) 33vw, 100vw\" alt=\"\" loading=\"eager\" decoding=\"async\" class=\"pfg-item-image\"><div class=\"pfg-item-caption pfg-item-caption--overlay\"><\/div><\/a><\/div><div class=\"pfg-item  pfg-item-hover--hvr-grow-shadow\" data-id=\"241\"><a href=\"https:\/\/filmaridrona.ro\/wp-content\/uploads\/2024\/01\/DJI_0049-HDR-Pano-copy.jpg\" class=\"pfg-item-link\" data-lightbox=\"pfg-249\"><img src=\"https:\/\/filmaridrona.ro\/wp-content\/uploads\/2024\/01\/DJI_0049-HDR-Pano-copy-1024x767.jpg\" srcset=\"https:\/\/filmaridrona.ro\/wp-content\/uploads\/2024\/01\/DJI_0049-HDR-Pano-copy-1024x767.jpg 1024w, https:\/\/filmaridrona.ro\/wp-content\/uploads\/2024\/01\/DJI_0049-HDR-Pano-copy-300x225.jpg 300w, https:\/\/filmaridrona.ro\/wp-content\/uploads\/2024\/01\/DJI_0049-HDR-Pano-copy-768x575.jpg 768w, https:\/\/filmaridrona.ro\/wp-content\/uploads\/2024\/01\/DJI_0049-HDR-Pano-copy-1536x1150.jpg 1536w, https:\/\/filmaridrona.ro\/wp-content\/uploads\/2024\/01\/DJI_0049-HDR-Pano-copy.jpg 1920w\" sizes=\"(min-width: 1200px) 25vw, (min-width: 992px) 100vw, (min-width: 768px) 33vw, 100vw\" alt=\"\" loading=\"eager\" decoding=\"async\" class=\"pfg-item-image\"><div class=\"pfg-item-caption pfg-item-caption--overlay\"><\/div><\/a><\/div><div class=\"pfg-item  pfg-item-hover--hvr-grow-shadow\" data-id=\"236\"><a href=\"https:\/\/filmaridrona.ro\/wp-content\/uploads\/2024\/01\/DJI_0351.jpg\" class=\"pfg-item-link\" data-lightbox=\"pfg-249\"><img src=\"https:\/\/filmaridrona.ro\/wp-content\/uploads\/2024\/01\/DJI_0351-1024x768.jpg\" srcset=\"https:\/\/filmaridrona.ro\/wp-content\/uploads\/2024\/01\/DJI_0351-1024x768.jpg 1024w, https:\/\/filmaridrona.ro\/wp-content\/uploads\/2024\/01\/DJI_0351-300x225.jpg 300w, https:\/\/filmaridrona.ro\/wp-content\/uploads\/2024\/01\/DJI_0351-768x576.jpg 768w, https:\/\/filmaridrona.ro\/wp-content\/uploads\/2024\/01\/DJI_0351.jpg 1200w\" sizes=\"(min-width: 1200px) 25vw, (min-width: 992px) 100vw, (min-width: 768px) 33vw, 100vw\" alt=\"\" loading=\"eager\" decoding=\"async\" class=\"pfg-item-image\"><div class=\"pfg-item-caption pfg-item-caption--overlay\"><\/div><\/a><\/div><div class=\"pfg-item  pfg-item-hover--hvr-grow-shadow\" data-id=\"10\"><a href=\"https:\/\/filmaridrona.ro\/wp-content\/uploads\/2024\/01\/Aer-71.jpg\" class=\"pfg-item-link\" data-lightbox=\"pfg-249\"><img src=\"https:\/\/filmaridrona.ro\/wp-content\/uploads\/2024\/01\/Aer-71-1024x683.jpg\" srcset=\"https:\/\/filmaridrona.ro\/wp-content\/uploads\/2024\/01\/Aer-71-1024x683.jpg 1024w, https:\/\/filmaridrona.ro\/wp-content\/uploads\/2024\/01\/Aer-71-300x200.jpg 300w, https:\/\/filmaridrona.ro\/wp-content\/uploads\/2024\/01\/Aer-71-768x512.jpg 768w, https:\/\/filmaridrona.ro\/wp-content\/uploads\/2024\/01\/Aer-71-1536x1024.jpg 1536w, https:\/\/filmaridrona.ro\/wp-content\/uploads\/2024\/01\/Aer-71.jpg 1920w\" sizes=\"(min-width: 1200px) 25vw, (min-width: 992px) 100vw, (min-width: 768px) 33vw, 100vw\" alt=\"\" loading=\"eager\" decoding=\"async\" class=\"pfg-item-image\"><div class=\"pfg-item-caption pfg-item-caption--overlay\"><\/div><\/a><\/div><div class=\"pfg-item  pfg-item-hover--hvr-grow-shadow\" data-id=\"68\"><a href=\"https:\/\/filmaridrona.ro\/wp-content\/uploads\/2024\/01\/cropped-DJI_0247.jpg\" class=\"pfg-item-link\" data-lightbox=\"pfg-249\"><img src=\"https:\/\/filmaridrona.ro\/wp-content\/uploads\/2024\/01\/cropped-DJI_0247-1024x511.jpg\" srcset=\"https:\/\/filmaridrona.ro\/wp-content\/uploads\/2024\/01\/cropped-DJI_0247-1024x511.jpg 1024w, https:\/\/filmaridrona.ro\/wp-content\/uploads\/2024\/01\/cropped-DJI_0247-300x150.jpg 300w, https:\/\/filmaridrona.ro\/wp-content\/uploads\/2024\/01\/cropped-DJI_0247-768x383.jpg 768w, https:\/\/filmaridrona.ro\/wp-content\/uploads\/2024\/01\/cropped-DJI_0247.jpg 1200w\" sizes=\"(min-width: 1200px) 25vw, (min-width: 992px) 100vw, (min-width: 768px) 33vw, 100vw\" alt=\"\" loading=\"eager\" decoding=\"async\" class=\"pfg-item-image\"><div class=\"pfg-item-caption pfg-item-caption--overlay\"><\/div><\/a><\/div><div class=\"pfg-item  pfg-item-hover--hvr-grow-shadow\" data-id=\"16\"><a href=\"https:\/\/filmaridrona.ro\/wp-content\/uploads\/2024\/01\/DJI_0233.jpg\" class=\"pfg-item-link\" data-lightbox=\"pfg-249\"><img src=\"https:\/\/filmaridrona.ro\/wp-content\/uploads\/2024\/01\/DJI_0233-1024x767.jpg\" srcset=\"https:\/\/filmaridrona.ro\/wp-content\/uploads\/2024\/01\/DJI_0233-1024x767.jpg 1024w, https:\/\/filmaridrona.ro\/wp-content\/uploads\/2024\/01\/DJI_0233-300x225.jpg 300w, https:\/\/filmaridrona.ro\/wp-content\/uploads\/2024\/01\/DJI_0233-768x575.jpg 768w, https:\/\/filmaridrona.ro\/wp-content\/uploads\/2024\/01\/DJI_0233.jpg 1200w\" sizes=\"(min-width: 1200px) 25vw, (min-width: 992px) 100vw, (min-width: 768px) 33vw, 100vw\" alt=\"\" loading=\"eager\" decoding=\"async\" class=\"pfg-item-image\"><div class=\"pfg-item-caption pfg-item-caption--overlay\"><\/div><\/a><\/div><div class=\"pfg-item  pfg-item-hover--hvr-grow-shadow\" data-id=\"17\"><a href=\"https:\/\/filmaridrona.ro\/wp-content\/uploads\/2024\/01\/DJI_0242.jpg\" class=\"pfg-item-link\" data-lightbox=\"pfg-249\"><img src=\"https:\/\/filmaridrona.ro\/wp-content\/uploads\/2024\/01\/DJI_0242-1024x767.jpg\" srcset=\"https:\/\/filmaridrona.ro\/wp-content\/uploads\/2024\/01\/DJI_0242-1024x767.jpg 1024w, https:\/\/filmaridrona.ro\/wp-content\/uploads\/2024\/01\/DJI_0242-300x225.jpg 300w, https:\/\/filmaridrona.ro\/wp-content\/uploads\/2024\/01\/DJI_0242-768x575.jpg 768w, https:\/\/filmaridrona.ro\/wp-content\/uploads\/2024\/01\/DJI_0242.jpg 1200w\" sizes=\"(min-width: 1200px) 25vw, (min-width: 992px) 100vw, (min-width: 768px) 33vw, 100vw\" alt=\"\" loading=\"eager\" decoding=\"async\" class=\"pfg-item-image\"><div class=\"pfg-item-caption pfg-item-caption--overlay\"><\/div><\/a><\/div><div class=\"pfg-item  pfg-item-hover--hvr-grow-shadow\" data-id=\"7\"><a href=\"https:\/\/filmaridrona.ro\/wp-content\/uploads\/2024\/01\/13.jpg\" class=\"pfg-item-link\" data-lightbox=\"pfg-249\"><img src=\"https:\/\/filmaridrona.ro\/wp-content\/uploads\/2024\/01\/13-1024x767.jpg\" srcset=\"https:\/\/filmaridrona.ro\/wp-content\/uploads\/2024\/01\/13-1024x767.jpg 1024w, https:\/\/filmaridrona.ro\/wp-content\/uploads\/2024\/01\/13-300x225.jpg 300w, https:\/\/filmaridrona.ro\/wp-content\/uploads\/2024\/01\/13-768x575.jpg 768w, https:\/\/filmaridrona.ro\/wp-content\/uploads\/2024\/01\/13-1536x1150.jpg 1536w, https:\/\/filmaridrona.ro\/wp-content\/uploads\/2024\/01\/13.jpg 1920w\" sizes=\"(min-width: 1200px) 25vw, (min-width: 992px) 100vw, (min-width: 768px) 33vw, 100vw\" alt=\"\" loading=\"eager\" decoding=\"async\" class=\"pfg-item-image\"><div class=\"pfg-item-caption pfg-item-caption--overlay\"><\/div><\/a><\/div><\/div><\/div><\/div>\n\t\t\t\t\t\t<\/div>\n\t\t\t\t<\/div>\n\t\t\t\t<\/div>\n\t\t\t\t\t<\/div>\n\t\t\t\t<\/div>\n\t\t\t\t<\/div>\n\t\t","protected":false},"excerpt":{"rendered":"<p>\u00cen ultimii ani, fotografia aerin\u0103 cu drona a re\u00eennoit perspectivele din toate industriile, devenind un serviciu proasp\u0103t pentru orice domeniu de activitate<\/p>\n<p class=\"link-more\"><a class=\"myButt \" href=\"https:\/\/filmaridrona.ro\/?page_id=115\">Read More<\/a><\/p>\n","protected":false},"author":1,"featured_media":0,"parent":0,"menu_order":0,"comment_status":"closed","ping_status":"closed","template":"","meta":{"footnotes":""},"class_list":["post-115","page","type-page","status-publish","hentry"],"_links":{"self":[{"href":"https:\/\/filmaridrona.ro\/index.php?rest_route=\/wp\/v2\/pages\/115","targetHints":{"allow":["GET"]}}],"collection":[{"href":"https:\/\/filmaridrona.ro\/index.php?rest_route=\/wp\/v2\/pages"}],"about":[{"href":"https:\/\/filmaridrona.ro\/index.php?rest_route=\/wp\/v2\/types\/page"}],"author":[{"embeddable":true,"href":"https:\/\/filmaridrona.ro\/index.php?rest_route=\/wp\/v2\/users\/1"}],"replies":[{"embeddable":true,"href":"https:\/\/filmaridrona.ro\/index.php?rest_route=%2Fwp%2Fv2%2Fcomments&post=115"}],"version-history":[{"count":20,"href":"https:\/\/filmaridrona.ro\/index.php?rest_route=\/wp\/v2\/pages\/115\/revisions"}],"predecessor-version":[{"id":584,"href":"https:\/\/filmaridrona.ro\/index.php?rest_route=\/wp\/v2\/pages\/115\/revisions\/584"}],"wp:attachment":[{"href":"https:\/\/filmaridrona.ro\/index.php?rest_route=%2Fwp%2Fv2%2Fmedia&parent=115"}],"curies":[{"name":"wp","href":"https:\/\/api.w.org\/{rel}","templated":true}]}}