{"id":156,"date":"2024-01-19T19:52:41","date_gmt":"2024-01-19T17:52:41","guid":{"rendered":"https:\/\/filmaridrona.ro\/?page_id=156"},"modified":"2024-05-20T10:36:00","modified_gmt":"2024-05-20T08:36:00","slug":"despre","status":"publish","type":"page","link":"https:\/\/filmaridrona.ro\/?page_id=156","title":{"rendered":"Despre"},"content":{"rendered":"\t\t<div data-elementor-type=\"wp-page\" data-elementor-id=\"156\" class=\"elementor elementor-156\">\n\t\t\t\t<div class=\"elementor-element elementor-element-d1c34a9 e-flex e-con-boxed e-con e-parent\" data-id=\"d1c34a9\" data-element_type=\"container\" data-e-type=\"container\">\n\t\t\t\t\t<div class=\"e-con-inner\">\n\t\t\t\t<div class=\"elementor-element elementor-element-b48835b elementor-widget elementor-widget-text-editor\" data-id=\"b48835b\" data-element_type=\"widget\" data-e-type=\"widget\" data-widget_type=\"text-editor.default\">\n\t\t\t\t<div class=\"elementor-widget-container\">\n\t\t\t\t\t\t\t\t\t<h2>De ce sa alegi filmarile aeriene cu drona ?<\/h2><p>\u00a0\u00a0\u00a0\u00a0\u00a0\u00cen primul r\u00e2nd, serviciul de filmare aerian\u0103 cu drona are costurile cele mai reduse, comparativ cu orice alt\u0103 metod\u0103 clasic\u0103 de filmare (elicopter, avion). Drona reprezint\u0103 de fapt o aeronava f\u0103r\u0103 pilot, ce poate fi controlat\u0103 de la distan\u021b\u0103, capabil\u0103 de zbor pe distan\u021be mari, in zone inaccesibile oamenilor, mul\u021bumit\u0103 autonomiei ridicate a acumulatorilor s\u0103i, dar \u0219i a u\u0219urin\u021bei cu care se manipuleaz\u0103 aceasta.<\/p><p>\u00a0\u00a0\u00a0\u00a0\u00a0\u00cen zilele noastre, film\u0103rile aeriene cu drona reprezint\u0103 o solu\u021bie dinamic\u0103 pentru proiectele Dumneavoastr\u0103 din toate domeniile de activitate, prin surprinderea unor materiale video cu o perspectiv\u0103 aerien\u0103 inedita si spectaculoas\u0103.<\/p><h2>Ce tip de aparat de zbor folositi ?<\/h2><p>\u00a0\u00a0\u00a0\u00a0\u00a0\u201cFilmariDrona\u201d foloseste drone profesionale de ultim\u0103 genera\u021bie, f\u0103r\u0103 emisii nocive at\u00e2t omului, c\u00e2t \u0219i mediului \u00eenconjur\u0103tor. Echipamentele mele de zbor sunt extrem de silen\u021bioase, ceea ce permit apropierea fa\u021b\u0103 de subiectul filmat, f\u0103r\u0103 a-l deranja pe timpul \u00eenregistr\u0103rii video.<\/p><h2>Cat de sigura este drona ?<\/h2><p>\u00a0\u00a0\u00a0\u00a0\u00a0Fiecare drona este dotata cu mai multe elemente de siguran\u021b\u0103 pentru a exclude probabilitatea unei deteriorari a ei si a zonei de survolare. \u00cenainte de orice decolare, se realizeaz\u0103 o inspec\u021bie a zonei ce urmeaza a fi survolata \u0219i apoi se decide dac\u0103 are loc zborul in siguranta \u00een acea loca\u021bie. \u00cen urma verific\u0103rilor am\u0103nun\u021bite a echipamentului si a conditiilor de zbor, decizia de a zbura \u00eei apar\u021bine numai pilotului.<\/p><p>Drona este echipata cu senzori de proximitate oferind protectie contra coliziunii pe 360 grade in plan orizontal si vertical. Acestia ajuta drona sa evite obstacolele, sa ia singura decizia de a ocoli un obstacol aflat in calea ei.<\/p><p>GPS-ul este folosit pentru pozitionarea exacta a dronei, ajutand la intoarcerea acesteia la locul de decolare in cazul pierderii semnalului dintre drone si telecomanda, sau atunci cand bateria ramasa ramane suficienta doar pentru drumul inapoi.<\/p><h2>Ce autonomie de zbor are drona ?<\/h2><p>\u00a0\u00a0\u00a0\u00a0\u00a0\u00centr-un singur zbor, autonomia acumulatorului este de 25 de minute, iar pe zi se pot efectua mai multe zboruri consecutive folosind mai multi acumulatori. Pe \u00eentreaga durat\u0103 a zborului, starea acumulatorului este transmis\u0103 \u00een timp real la sol, oferind detalii legate de starea si autonomia acestuia.<\/p><h2>La ce temperatura poate zbura drona ?<\/h2><p>\u00a0\u00a0\u00a0\u00a0\u00a0Dronele profesionale pot func\u021biona \u00een condi\u021bii optime la temperaturi cuprinse intre \u201310\u00b0C \u0219i +40\u00b0C.<\/p><h2>La ce altitudine si pe ce distanta poate zbura drona ?<\/h2><p>\u00a0\u00a0\u00a0\u00a0\u00a0Dronele sunt echipamente profesionale de zbor, create s\u0103 reziste at\u00e2t la \u00eenal\u021bimi mici, c\u00e2t \u0219i la altitudini de cca 2000 m, f\u0103r\u0103 s\u0103 modifice calitaltea materialului video realizat. Inaltimea la care se pot ridica este de 500m din punctul de decolare. Acestea pot zbura pe distanta de aproximativ 4 km \u00een jurul punctului de decolare.<\/p><h2>Se poate vizualiza ceea ce filmeaza drona ?<\/h2><p>\u00a0\u00a0\u00a0\u00a0\u00a0Orice dron\u0103 profesional\u0103 poate permite pilotului \u0219i participan\u021bilor vizualizarea \u00een timp real de la sol a materialului filmat pe o raz\u0103 de maximum 4 km.<\/p><h2>Care este calitatea obtinuta din filmarea cu drona ?<\/h2><p>\u00a0\u00a0\u00a0\u00a0\u00a0Gra\u021bie ultimilor generatii de drone, calitatea ob\u021binuta a materialelor video este posibil\u0103 \u00een format HD, Full HD sau Ultra HD 4k.<\/p><h2>\u00cen ce tip de format se livreaza o filmare\/fotografie cu drona ?<\/h2><p>\u00a0\u00a0\u00a0\u00a0\u00a0Materialele video aeriene se livreaza clien\u021bilor, \u00een cel mai scurt timp, \u00een format MP4, iar rezolu\u021bia fotografiilor este \u00eenregistrata \u00een RAW (DNG, TIFF) sau JPG.<\/p><h2>Ce se \u00eentampla daca se pierde semnalul \u00eentre statia de comanda de la sol si drona ?<\/h2><p>\u00a0\u00a0\u00a0\u00a0\u00a0\u00cen eventualitatea \u00een care se pierde comnunicarea dintre drone si telecomanda, drona se va \u00eentoarce \u00een mod automat la locul decolarii.<\/p><h2>Exista limitari pentru drona ?<\/h2><p>\u00a0\u00a0\u00a0\u00a0\u00a0\u201cFilmariDrona\u201d \u00ee-\u0219i asum\u0103 dreptul de a refuza zborurile \u00een care condi\u021biile meteo sau de locatie sunt nefavorabile. \u00cen ciuda faptului c\u0103 sunt utilizate numai echipamente de zbor ce corespund celor mai \u00eenalte standarde, drona nu se piloteaz\u0103 \u00een condi\u021bii de ploaie, ninsoare, v\u00e2nt puternic sau \u00een rafale, cea\u021b\u0103. Totodata este obligatorie respectarea zonelor declarate \u201cNoFly\u201d (aeroporturi, unitati militare, etc.)<\/p><h2>Disponibil pentru deplasari ?<\/h2><p>\u00a0\u00a0\u00a0\u00a0\u00a0\u00a0\u00a0\u00a0\u00a0\u00a0\u00a0 Serviciile \u201cFilmariDrona\u201d pot fi folosite oriunde \u00een Rom\u00e2nia. Asadar, la cererea Dumneavoastr\u0103, ma pot deplasa \u00een orice loca\u021bie din \u021bar\u0103.<\/p><h1>\u00a0<\/h1><h1>Despre\u00a0fotografii 360<\/h1><h2>Ce sunt fotografiile 360 ?<\/h2><p>\u00a0Aceste poze poarta denumirea de : panorame 360 de grade, fotografii VR, panorame ale realit\u0103\u021bii virtuale, panorame sferice, etc.<\/p><p>Fotogrfiile 360 exista de mai mult de un secol. \u00cen zilele noastre, pute\u021bi vedea un avant al acestui tip de tehnologie, datorit\u0103 costurilor tot mai reduse ale tehnologiei, disponibilit\u0103\u021bii software-ului, abunden\u021bei instrumentelor de publicare. Unul dintre cele mai importante aspecte este faptul c\u0103 internetul a f\u0103cut posibil\u0103 \u00eemp\u0103rt\u0103\u0219irea cu u\u0219urin\u021b\u0103 a acestui tip de fotografie. Fotogrfiile 360 sunt noul mod de a afi\u0219a locuri, evenimente \u0219i afaceri pe internet.<\/p><p>\u00cen ceea ce prive\u0219te formatul panoramelor, exist\u0103 \u00een esen\u021b\u0103 patru tipuri diferite:<\/p><h2>Panorame partiale<\/h2><p>\u00a0pe care le cunoa\u0219te\u021bi mai ales din fotografierea peisagistic\u0103 tradi\u021bional\u0103. Ele sunt create prin lipirea (asamblarea) mai multor fotografii normale \u00eempreun\u0103, una l\u00e2ng\u0103 cealalt\u0103, ceea ce creeaz\u0103 o fotografie cu un unghi mult mai larg decat ar fi posibil cu o lentil\u0103 normal\u0103.<\/p><h2>Panorame cilindrice<\/h2><p>\u00a0imaginile panoramice cilindrice sunt urmatorul nivel al fotografiilor panoramice partiale. Acestea acoper\u0103 \u00een jurul valorii de 360 de grade stanga\/dreapta, dar nu \u00een sus \u0219i \u00een jos. Acestea sunt create prin lipirea (asamblarea) mai multor fotografii facute de jur\/imprejur. Singura diferen\u021b\u0103 real\u0103 fa\u021b\u0103 de panoramele par\u021biale este c\u0103 trebuie s\u0103 v\u0103 asigura\u021bi c\u0103 prima \u0219i ultima fotografie se suprapun.<\/p><h2>Panorame sferice<\/h2><p>\u00a0panoramele sferice reprezint\u0103 cel mai inalt nivel. Ele nu doar capteaz\u0103 un c\u00e2mp de vizualizare de 360 de grade stanga\/dreapta, dar \u0219i sus\/jos. Realizarea lor este mai complexa, se poate face lipirea (ansamblarea) mai multor poze facute sus\/jos, stanga\/dreapta (de regula 34 poze) in softuri specializate, sau cu ajutorul unor camere foto\/video dedicate, camere ce au cate 2 lentile de 190 grade fiecare si prin ansamblarea imaginilor rezulta o singura imagine 360.<\/p><h2>Panorame stereocopice<\/h2><p>\u00a0ele pot fi cilindrice sau sferice. Panoul \u201cstereo\u201d este alc\u0103tuit din dou\u0103 imagini diferite, realizate simultan cu centrele lentilelor la aproximativ 65 mm distan\u021b\u0103, astfel \u00eenc\u00e2t acestea ofer\u0103 iluzia ad\u00e2ncimii \/ 3D<\/p><h1>Timelapse<\/h1><p>\u00a0Timelapse reprezinta tehnica prin care un proces lent, cum ar fi miscarea norilor pe cer, o constructie sau o miscare lenta poate fi v\u0103zuta \u00eentr-un ritm accelerat. Cinematografia normal\u0103 reproduce mi\u0219carea prin \u00eenregistrarea \u0219i proiectarea acesteia la 25 de cadre pe secund\u0103. \u00cen cinematografia timelapse, cadrele individuale sunt expuse la intervale de timp mult mai mari. (de obicei la un interval de secunde sau chiar minute) Apoi sunt vizualizate la 25 de cadre pe secund\u0103 standard. Cel mai adesea tehnica folose\u0219te o camer\u0103 foto care inregistreaza imagini la un interval de timp prestabilit iar redarea se face accelerat.<\/p><h1>Mapare aeriana<\/h1><p>Maparea aeriana se face cu drona DJI Mavic 3 Enterprise cu modul RTK. Acaesta ofera o acuratete in pozitionare la nivel ce centimetru. Se poate realiza un ortofotoplan georeferentiat exact in spatiu prin care se vede exact tot ce exista la nivelul solului, se pot efectua masuratori exacte, calcula volume, etc. Prin repetarea lor la anumite intervale de timp, se poate observa cu usurinta si exactitate evolutia lucrarilor. Harta elevatiei ajuta la identificarea inaltimii suprafetelor prezente in perimetru.<\/p><p>Totodata se pot face si modele 3D ale terenului si a constructiilor prezente, se pot studia aspecte si detalii ce nu pot fi studiate prin alte metode clasice.<\/p>\t\t\t\t\t\t\t\t<\/div>\n\t\t\t\t<\/div>\n\t\t\t\t\t<\/div>\n\t\t\t\t<\/div>\n\t\t\t\t<\/div>\n\t\t","protected":false},"excerpt":{"rendered":"<p>De ce sa alegi filmarile aeriene cu drona ? \u00a0\u00a0\u00a0\u00a0\u00a0\u00cen primul r\u00e2nd, serviciul de filmare aerian\u0103 cu drona are costurile cele mai<\/p>\n<p class=\"link-more\"><a class=\"myButt \" href=\"https:\/\/filmaridrona.ro\/?page_id=156\">Read More<\/a><\/p>\n","protected":false},"author":1,"featured_media":0,"parent":0,"menu_order":0,"comment_status":"closed","ping_status":"closed","template":"","meta":{"footnotes":""},"class_list":["post-156","page","type-page","status-publish","hentry"],"_links":{"self":[{"href":"https:\/\/filmaridrona.ro\/index.php?rest_route=\/wp\/v2\/pages\/156","targetHints":{"allow":["GET"]}}],"collection":[{"href":"https:\/\/filmaridrona.ro\/index.php?rest_route=\/wp\/v2\/pages"}],"about":[{"href":"https:\/\/filmaridrona.ro\/index.php?rest_route=\/wp\/v2\/types\/page"}],"author":[{"embeddable":true,"href":"https:\/\/filmaridrona.ro\/index.php?rest_route=\/wp\/v2\/users\/1"}],"replies":[{"embeddable":true,"href":"https:\/\/filmaridrona.ro\/index.php?rest_route=%2Fwp%2Fv2%2Fcomments&post=156"}],"version-history":[{"count":13,"href":"https:\/\/filmaridrona.ro\/index.php?rest_route=\/wp\/v2\/pages\/156\/revisions"}],"predecessor-version":[{"id":499,"href":"https:\/\/filmaridrona.ro\/index.php?rest_route=\/wp\/v2\/pages\/156\/revisions\/499"}],"wp:attachment":[{"href":"https:\/\/filmaridrona.ro\/index.php?rest_route=%2Fwp%2Fv2%2Fmedia&parent=156"}],"curies":[{"name":"wp","href":"https:\/\/api.w.org\/{rel}","templated":true}]}}